{"id":154,"date":"2015-07-16T09:12:44","date_gmt":"2015-07-16T07:12:44","guid":{"rendered":"http:\/\/test.kriesi.at\/minimal-portfolio\/?page_id=154"},"modified":"2025-06-27T17:25:33","modified_gmt":"2025-06-27T15:25:33","slug":"desenvolupem-el-teu-negoci-online","status":"publish","type":"page","link":"https:\/\/pixupweb.com\/ca\/desenvolupem-el-teu-negoci-online\/","title":{"rendered":"Desenvolupem el teu negoci online"},"content":{"rendered":"<div id='av_section_1'  class='avia-section main_color avia-section-default avia-no-border-styling  av-section-color-overlay-active avia-bg-style-fixed  avia-builder-el-0  el_before_av_section  avia-builder-el-first   av-minimum-height av-minimum-height-75  container_wrap fullsize' style='background-repeat: no-repeat; background-image: url(https:\/\/pixupweb.com\/wp-content\/uploads\/2019\/03\/quisom2.jpg);background-attachment: fixed; background-position: bottom center;  '  data-section-bg-repeat='no-repeat' data-av_minimum_height_pc='75'><div class='av-section-color-overlay-wrap'><div class='av-section-color-overlay' style='opacity: 0.5; background-color: #ffffff; '><\/div><div class='container' ><main  role=\"main\" itemprop=\"mainContentOfPage\"  class='template-page content  av-content-full alpha units'><div class='post-entry post-entry-type-page post-entry-154'><div class='entry-content-wrapper clearfix'>\n<div class=\"flex_column av_one_full  av-animated-generic fade-in  flex_column_div av-zero-column-padding first  avia-builder-el-1  avia-builder-el-no-sibling  \" style='margin-top:0px; margin-bottom:0px; border-radius:0px; '><p><div  style='padding-bottom:0px; margin-top:40px; margin-bottom:20px; font-size:4.5vw;' class='av-special-heading av-special-heading-h1  blockquote modern-quote modern-centered  avia-builder-el-2  el_before_av_heading  avia-builder-el-first  av-inherit-size '><h1 class='av-special-heading-tag '  itemprop=\"headline\"  >Desenvolupem el teu negoci online<\/h1><div class='special-heading-border'><div class='special-heading-inner-border' ><\/div><\/div><\/div><br \/>\n<div  style='padding-bottom:0px; margin-top:20px; margin-bottom:100px; font-size:6vw;' class='av-special-heading av-special-heading-h2  blockquote modern-quote modern-centered  avia-builder-el-3  el_after_av_heading  avia-builder-el-last  av-inherit-size '><h2 class='av-special-heading-tag '  itemprop=\"headline\"  >Pixup Web Business<\/h2><div class='special-heading-border'><div class='special-heading-inner-border' ><\/div><\/div><\/div><\/p><\/div>\n\n<\/div><\/div><\/main><!-- close content main element --><\/div><\/div><\/div><div id='av_section_2'  class='avia-section main_color avia-section-huge avia-no-shadow  avia-bg-style-scroll  avia-builder-el-4  el_after_av_section  avia-builder-el-last   container_wrap fullsize' style=' '  ><div class='container' ><div class='template-page content  av-content-full alpha units'><div class='post-entry post-entry-type-page post-entry-154'><div class='entry-content-wrapper clearfix'>\n<div class=\"flex_column av_one_half  flex_column_div av-zero-column-padding first  avia-builder-el-5  el_before_av_one_half  avia-builder-el-first  \" style='border-radius:0px; '><section class=\"av_textblock_section \"  itemscope=\"itemscope\" itemtype=\"https:\/\/schema.org\/CreativeWork\" ><div class='avia_textblock  '   itemprop=\"text\" ><blockquote>\n<p>PixUP Web Business, desenvolupem el teu negoci online. Som una ag\u00e8ncia especialitzada en creaci\u00f3 de p\u00e0gines web, ecommerce i plataformes de gesti\u00f3 de contingut a mida, totalment orientades a potenciar el teu negoci, alta usabilitat i excel\u00b7l\u00e8ncia en posicionament.<\/p>\n<\/blockquote>\n<p>Valorem les teves necessitats, les dels potencials usuaris i els requisits dels principals cercadors (Google, Yahooo&#8230;) per oferir-te una soluci\u00f3 web altament posicionable que potenci\u00ef el teu negoci.<\/p>\n<p>Els dos perfils principals dels socis creadors de Pixup, es fusionen per a donar forma a unes necessitats creixents i cada dia m\u00e9s necess\u00e0ries per a potenciar i projectar el teu negoci o empresa.<\/p>\n<\/div><\/section><\/div><div class=\"flex_column av_one_half  flex_column_div av-zero-column-padding   avia-builder-el-7  el_after_av_one_half  el_before_av_hr  \" style='border-radius:0px; '><section class=\"av_textblock_section \"  itemscope=\"itemscope\" itemtype=\"https:\/\/schema.org\/CreativeWork\" ><div class='avia_textblock  '   itemprop=\"text\" ><p>Des del 1995, amb els primers CD-roms interactius, hem anat avan\u00e7ant i evolucionant fins al dia d&#8217;avui amb la tecnologia Web\/Multim\u00e8dia.<\/p>\n<p>Des de 1998, amb una \u00e0mplia experi\u00e8ncia en gesti\u00f3 d&#8217;empreses, hem evolucionat fins a l&#8217;empresa digital actual. Assessorant i acompanyant-te\u00a0 per a tenir una bona pres\u00e8ncia del teu negoci a Internet.<\/p>\n<p>Des de 2017 hem unificat els nostres projectes personals per a oferir una soluci\u00f3 que integri\u00a0 el disseny gr\u00e0fic, la usabilitat i l&#8217;optimitzaci\u00f3 de recursos online amb les estrat\u00e8gies de m\u00e0rqueting, t\u00e8cniques de posicionament i assessorament.<\/p>\n<\/div><\/section><\/div><div  style='height:150px' class='hr hr-invisible   avia-builder-el-9  el_after_av_one_half  el_before_av_one_half '><span class='hr-inner ' ><span class='hr-inner-style'><\/span><\/span><\/div>\n<div class=\"flex_column av_one_half  av-animated-generic bottom-to-top  flex_column_div av-zero-column-padding first  avia-builder-el-10  el_after_av_hr  el_before_av_one_half  \" style='border-radius:0px; '><p><div  style='padding-bottom:10px; font-size:50px;' class='av-special-heading av-special-heading-h4  blockquote modern-quote  avia-builder-el-11  el_before_av_textblock  avia-builder-el-first  av-inherit-size '><h4 class='av-special-heading-tag '  itemprop=\"headline\"  >Qu\u00e8 podem fer per a tu?<\/h4><div class='special-heading-border'><div class='special-heading-inner-border' ><\/div><\/div><\/div><br \/>\n<section class=\"av_textblock_section \"  itemscope=\"itemscope\" itemtype=\"https:\/\/schema.org\/CreativeWork\" ><div class='avia_textblock  '   itemprop=\"text\" ><p>Presenta&#8217;ns el teu projecte, indica&#8217;ns que necessites, concreta les dificultats o problemes t\u00e8cnics que han sorgit. Farem una an\u00e0lisi de la situaci\u00f3 inicial del teu projecte online i et farem una proposta a mesura que tecnol\u00f2gicament et permeti generar negoci o aconseguir els teus objectius. Posa&#8217;t en contacte amb PixUP, serem el teu partner de negoci Online.<\/p>\n<\/div><\/section><\/p><\/div><div class=\"flex_column av_one_half  av-animated-generic bottom-to-top  flex_column_div av-zero-column-padding   avia-builder-el-13  el_after_av_one_half  avia-builder-el-last  \" style='border-radius:0px; '><p><div  style='padding-bottom:10px; font-size:50px;' class='av-special-heading av-special-heading-h4  blockquote modern-quote  avia-builder-el-14  el_before_av_textblock  avia-builder-el-first  av-inherit-size '><h4 class='av-special-heading-tag '  itemprop=\"headline\"  >Com treballem<\/h4><div class='special-heading-border'><div class='special-heading-inner-border' ><\/div><\/div><\/div><br \/>\n<section class=\"av_textblock_section \"  itemscope=\"itemscope\" itemtype=\"https:\/\/schema.org\/CreativeWork\" ><div class='avia_textblock  '   itemprop=\"text\" ><p><strong>T&#8217;acompanyem<\/strong> i <strong>t&#8217;assessorem<\/strong>, orientant-te i facilitant-te per fer-te el m\u00e0xim de planer els conceptes de les noves tecnologies. <strong>Perqu\u00e8 si no ho entens, no et sentir\u00e0s c\u00f2mode.<\/strong> Si ho entens i t&#8217;hi sents c\u00f2mode, tot ser\u00e0 m\u00e9s f\u00e0cil per a arribar a bon port amb el teu projecte online.<br \/>\n<strong>Organitzem les idees, objectius i necessitats, li donem forma<\/strong>, planifiquem i executem el projecte.<br \/>\nUn cop executat el projecte, no et quedes sol, t&#8217;acompanyem un temps fins que caminis sol.<\/p>\n<\/div><\/section><\/p><\/div>\n","protected":false},"excerpt":{"rendered":"","protected":false},"author":6,"featured_media":0,"parent":0,"menu_order":0,"comment_status":"closed","ping_status":"closed","template":"","meta":[],"aioseo_notices":[],"_links":{"self":[{"href":"https:\/\/pixupweb.com\/ca\/wp-json\/wp\/v2\/pages\/154"}],"collection":[{"href":"https:\/\/pixupweb.com\/ca\/wp-json\/wp\/v2\/pages"}],"about":[{"href":"https:\/\/pixupweb.com\/ca\/wp-json\/wp\/v2\/types\/page"}],"author":[{"embeddable":true,"href":"https:\/\/pixupweb.com\/ca\/wp-json\/wp\/v2\/users\/6"}],"replies":[{"embeddable":true,"href":"https:\/\/pixupweb.com\/ca\/wp-json\/wp\/v2\/comments?post=154"}],"version-history":[{"count":9,"href":"https:\/\/pixupweb.com\/ca\/wp-json\/wp\/v2\/pages\/154\/revisions"}],"predecessor-version":[{"id":5708,"href":"https:\/\/pixupweb.com\/ca\/wp-json\/wp\/v2\/pages\/154\/revisions\/5708"}],"wp:attachment":[{"href":"https:\/\/pixupweb.com\/ca\/wp-json\/wp\/v2\/media?parent=154"}],"curies":[{"name":"wp","href":"https:\/\/api.w.org\/{rel}","templated":true}]}}