{"id":156,"date":"2015-07-16T09:12:51","date_gmt":"2015-07-16T09:12:51","guid":{"rendered":"http:\/\/test.kriesi.at\/minimal-portfolio\/?page_id=156"},"modified":"2025-06-27T17:25:33","modified_gmt":"2025-06-27T15:25:33","slug":"contact","status":"publish","type":"page","link":"https:\/\/pixupweb.com\/ca\/contact\/","title":{"rendered":"Contact"},"content":{"rendered":"<div id='av_section_1'  class='avia-section main_color avia-section-default avia-no-border-styling  avia-bg-style-fixed  avia-builder-el-0  el_before_av_section  avia-builder-el-first   av-minimum-height av-minimum-height-75  container_wrap fullsize' style='background-repeat: no-repeat; background-image: url(https:\/\/pixupweb.com\/wp-content\/uploads\/2019\/03\/mailbox_post_mail_letter_box_postal_communication_correspondence-763616.jpg);background-attachment: fixed; background-position: bottom right;  '  data-section-bg-repeat='no-repeat' data-av_minimum_height_pc='75'><div class='container' ><main  role=\"main\" itemprop=\"mainContentOfPage\"  class='template-page content  av-content-full alpha units'><div class='post-entry post-entry-type-page post-entry-156'><div class='entry-content-wrapper clearfix'>\n<div  style='padding-bottom:0px; margin-top:40px; margin-bottom:170px; color:#ffffff;font-size:5vw;' class='av-special-heading av-special-heading-h3 custom-color-heading blockquote modern-quote modern-centered  avia-builder-el-1  avia-builder-el-no-sibling  av-inherit-size '><h3 class='av-special-heading-tag '  itemprop=\"headline\"  >Hola! <\/h3><div class ='av-subheading av-subheading_below av_custom_color ' style='font-size:15px;'><p>Envia&#8217;ns la teva consulta.<\/p>\n<\/div><div class='special-heading-border'><div class='special-heading-inner-border' style='border-color:#ffffff'><\/div><\/div><\/div>\n\n<\/div><\/div><\/main><!-- close content main element --><\/div><\/div><div id='av_section_2'  class='avia-section main_color avia-section-huge avia-no-shadow  avia-bg-style-scroll  avia-builder-el-2  el_after_av_section  avia-builder-el-last   container_wrap fullsize' style=' '  ><div class='container' ><div class='template-page content  av-content-full alpha units'><div class='post-entry post-entry-type-page post-entry-156'><div class='entry-content-wrapper clearfix'>\n<div class=\"flex_column av_one_half  av-animated-generic bottom-to-top  flex_column_div av-zero-column-padding first  avia-builder-el-3  el_before_av_one_half  avia-builder-el-first  \" style='border-radius:0px; '><p><div  style='padding-bottom:10px; font-size:50px;' class='av-special-heading av-special-heading-h4  blockquote modern-quote  avia-builder-el-4  el_before_av_textblock  avia-builder-el-first  av-inherit-size '><h4 class='av-special-heading-tag '  itemprop=\"headline\"  >On estem<\/h4><div class='special-heading-border'><div class='special-heading-inner-border' ><\/div><\/div><\/div><br \/>\n<section class=\"av_textblock_section \"  itemscope=\"itemscope\" itemtype=\"https:\/\/schema.org\/CreativeWork\" ><div class='avia_textblock  '   itemprop=\"text\" ><p><strong>Tecno Campus Matar\u00f3<\/strong><br \/>\nAvda. Ernest Lluch 32,<br \/>\nTorre 2 (TCM2), Planta 4, oficina 4.14,<br \/>\n08302 Matar\u00f3, Barcelona<\/p>\n<p><strong>Tel: <\/strong><a href=\"tel:0034935958881\">+34935958881<\/a><br \/>\ne-mail: <a href=\"mailto:adminpixup@pixupweb.com\">adminpixup@pixupweb.com<\/a><\/p>\n<\/div><\/section><\/p><\/div><div class=\"flex_column av_one_half  av-animated-generic bottom-to-top  flex_column_div av-zero-column-padding   avia-builder-el-6  el_after_av_one_half  avia-builder-el-last  \" style='border-radius:0px; '><p><div  style='padding-bottom:10px; font-size:50px;' class='av-special-heading av-special-heading-h4  blockquote modern-quote  avia-builder-el-7  el_before_av_codeblock  avia-builder-el-first  av-inherit-size '><h4 class='av-special-heading-tag '  itemprop=\"headline\"  >Contacta\u2019ns<\/h4><div class='special-heading-border'><div class='special-heading-inner-border' ><\/div><\/div><\/div><br \/>\n<br \/>\n<div   class=\"togglecontainer   toggle_close_all  avia-builder-el-9  el_after_av_codeblock  avia-builder-el-last \" >\n<section class=\"av_toggle_section\"  itemscope=\"itemscope\" itemtype=\"https:\/\/schema.org\/CreativeWork\"  >    <div role=\"tablist\" class=\"single_toggle\" data-tags=\"{All} \"  >        <p data-fake-id=\"#toggle-id-1\" class=\"toggler \"  itemprop=\"headline\"    role=\"tab\" tabindex=\"0\" aria-controls=\"toggle-id-1\">Cl\u00e0usula apartat de contacte web<span class=\"toggle_icon\" >        <span class=\"vert_icon\"><\/span><span class=\"hor_icon\"><\/span><\/span><\/p>        <div id=\"toggle-id-1\" class=\"toggle_wrap \"   >            <div class=\"toggle_content invers-color \"  itemprop=\"text\"   ><p>La comunicaci\u00f3 enviada quedar\u00e0 incorporada a un fitxer del que \u00e9s responsable Pixup web Business S.L.. Aquesta comunicaci\u00f3 s&#8217;utilitzar\u00e0 exclusivament per tractar les seves dades per atendre la seva sol\u00b7licitud, sempre de conformitat amb el Reglament (UE) 2016\/679 (RGPD), la Llei Org\u00e0nica 15\/1999 de 13 de desembre (LOPD) i el Reial Decret 1720\/2007 de desenvolupament de la LOPD), sobre protecci\u00f3 de dades. Les seves dades no es comunicaran a tercers, excepte per obligaci\u00f3 legal, i es mantindran mentre no sol\u00b7liciti la seva cancel\u00b7laci\u00f3.<br \/>\nEn qualsevol moment vost\u00e8 podr\u00e0 exercir els drets d&#8217;acc\u00e9s, rectificaci\u00f3, portabilitat i oposici\u00f3, i, si s&#8217;escau, la limitaci\u00f3 i cancel\u00b7laci\u00f3 , comunicant-ho per escrit, indicant les seves dades personals a Avda Ernest Lluch 32,Edificio 2 Tecnocampus, Planta 4, oficina 4.14 08302, Matar\u00f3 o mitjan\u00e7ant l&#8217;enviament d&#8217;un correu electr\u00f2nic a adminpixup@pixupweb.com.<\/p>\n            <\/div>        <\/div>    <\/div><\/section>\n<\/div><\/p><\/div>\n","protected":false},"excerpt":{"rendered":"","protected":false},"author":6,"featured_media":0,"parent":0,"menu_order":0,"comment_status":"closed","ping_status":"closed","template":"","meta":[],"aioseo_notices":[],"_links":{"self":[{"href":"https:\/\/pixupweb.com\/ca\/wp-json\/wp\/v2\/pages\/156"}],"collection":[{"href":"https:\/\/pixupweb.com\/ca\/wp-json\/wp\/v2\/pages"}],"about":[{"href":"https:\/\/pixupweb.com\/ca\/wp-json\/wp\/v2\/types\/page"}],"author":[{"embeddable":true,"href":"https:\/\/pixupweb.com\/ca\/wp-json\/wp\/v2\/users\/6"}],"replies":[{"embeddable":true,"href":"https:\/\/pixupweb.com\/ca\/wp-json\/wp\/v2\/comments?post=156"}],"version-history":[{"count":27,"href":"https:\/\/pixupweb.com\/ca\/wp-json\/wp\/v2\/pages\/156\/revisions"}],"predecessor-version":[{"id":5711,"href":"https:\/\/pixupweb.com\/ca\/wp-json\/wp\/v2\/pages\/156\/revisions\/5711"}],"wp:attachment":[{"href":"https:\/\/pixupweb.com\/ca\/wp-json\/wp\/v2\/media?parent=156"}],"curies":[{"name":"wp","href":"https:\/\/api.w.org\/{rel}","templated":true}]}}