{"id":2880,"date":"2020-12-18T12:15:05","date_gmt":"2020-12-18T10:15:05","guid":{"rendered":"http:\/\/pixupweb.com\/?page_id=2880"},"modified":"2025-06-27T17:25:33","modified_gmt":"2025-06-27T15:25:33","slug":"edicio-grafica-i-animacions-3d","status":"publish","type":"page","link":"https:\/\/pixupweb.com\/ca\/edicio-grafica-i-animacions-3d\/","title":{"rendered":"Edici\u00f3 gr\u00e0fica i Animacions 3D"},"content":{"rendered":"<div class=\"flex_column av_one_full  flex_column_div av-zero-column-padding first  avia-builder-el-0  el_before_av_one_full  avia-builder-el-first  \" style='border-radius:0px; '><p><div  style='padding-bottom:10px; ' class='av-special-heading av-special-heading-h1  blockquote modern-quote modern-centered  avia-builder-el-1  el_before_av_hr  avia-builder-el-first  '><h1 class='av-special-heading-tag '  itemprop=\"headline\"  >Edici\u00f3 gr\u00e0fica i Animaci\u00f3 3D<\/h1><div class='special-heading-border'><div class='special-heading-inner-border' ><\/div><\/div><\/div><br \/>\n<div   class='hr hr-default   avia-builder-el-2  el_after_av_heading  avia-builder-el-last '><span class='hr-inner ' ><span class='hr-inner-style'><\/span><\/span><\/div><\/p><\/div>\n<div class=\"flex_column av_one_full  flex_column_div av-zero-column-padding first  avia-builder-el-3  el_after_av_one_full  avia-builder-el-last  column-top-margin\" style='border-radius:0px; '><div id='av-masonry-1' class='av-masonry  noHover av-fixed-size av-large-gap av-hover-overlay- av-masonry-animation-active av-masonry-col-flexible av-caption-always av-caption-style-    '  ><div class='av-masonry-container isotope av-js-disabled ' ><div class='av-masonry-entry isotope-item av-masonry-item-no-image all_sort animacio-i-edicio_sort '><\/div><a href=\"https:\/\/pixupweb.com\/ca\/proyectos-web-y-aplicaciones\/arquitectura-immobiliaria-2\/\"  id='av-masonry-1-item-2909' data-av-masonry-item='2909' class='av-masonry-entry isotope-item post-2909 portfolio type-portfolio status-publish has-post-thumbnail hentry portfolio_entries-animacio-i-edicio all_sort animacio-i-edicio_sort  av-masonry-item-with-image av-grid-img' title=\"Arquitectura-immobili\u00e0ria\"  itemscope=\"itemscope\" itemtype=\"https:\/\/schema.org\/CreativeWork\" ><div class='av-inner-masonry-sizer'><\/div><figure class='av-inner-masonry main_color'><div class=\"av-masonry-outerimage-container\"><div class=\"av-masonry-image-container\" style=\"background-image: url(https:\/\/pixupweb.com\/wp-content\/uploads\/2020\/08\/Imagen1-1.jpg);\" title=\"Arquitectura-immobili\u00e0ria\" ><\/div><\/div><figcaption class='av-inner-masonry-content site-background'><div class='av-inner-masonry-content-pos'><div class='av-inner-masonry-content-pos-content'><div class='avia-arrow'><\/div><h3 class='av-masonry-entry-title entry-title '  itemprop=\"headline\" >Arquitectura \/ Immobili\u00e0ria<\/h3><\/div><\/div><\/figcaption><\/figure><\/a><!--end av-masonry entry--><a href=\"https:\/\/pixupweb.com\/ca\/proyectos-web-y-aplicaciones\/industria-i-enginyeria-2\/\"  id='av-masonry-1-item-2904' data-av-masonry-item='2904' class='av-masonry-entry isotope-item post-2904 portfolio type-portfolio status-publish has-post-thumbnail hentry portfolio_entries-animacio-i-edicio all_sort animacio-i-edicio_sort  av-masonry-item-with-image av-grid-img' title=\"Industria i enginyeria\"  itemscope=\"itemscope\" itemtype=\"https:\/\/schema.org\/CreativeWork\" ><div class='av-inner-masonry-sizer'><\/div><figure class='av-inner-masonry main_color'><div class=\"av-masonry-outerimage-container\"><div class=\"av-masonry-image-container\" style=\"background-image: url(https:\/\/pixupweb.com\/wp-content\/uploads\/2020\/08\/Imagen13.png);\" title=\"Industria i enginyeria\" ><\/div><\/div><figcaption class='av-inner-masonry-content site-background'><div class='av-inner-masonry-content-pos'><div class='av-inner-masonry-content-pos-content'><div class='avia-arrow'><\/div><h3 class='av-masonry-entry-title entry-title '  itemprop=\"headline\" >Industria i enginyeria<\/h3><\/div><\/div><\/figcaption><\/figure><\/a><!--end av-masonry entry--><a href=\"https:\/\/pixupweb.com\/ca\/proyectos-web-y-aplicaciones\/marqueting-animacions\/\"  id='av-masonry-1-item-2899' data-av-masonry-item='2899' class='av-masonry-entry isotope-item post-2899 portfolio type-portfolio status-publish has-post-thumbnail hentry portfolio_entries-animacio-i-edicio all_sort animacio-i-edicio_sort  av-masonry-item-with-image av-grid-img' title=\"M\u00e0rqueting\"  itemscope=\"itemscope\" itemtype=\"https:\/\/schema.org\/CreativeWork\" ><div class='av-inner-masonry-sizer'><\/div><figure class='av-inner-masonry main_color'><div class=\"av-masonry-outerimage-container\"><div class=\"av-masonry-image-container\" style=\"background-image: url(https:\/\/pixupweb.com\/wp-content\/uploads\/2020\/08\/Imagen15.png);\" title=\"M\u00e0rqueting\" ><\/div><\/div><figcaption class='av-inner-masonry-content site-background'><div class='av-inner-masonry-content-pos'><div class='av-inner-masonry-content-pos-content'><div class='avia-arrow'><\/div><h3 class='av-masonry-entry-title entry-title '  itemprop=\"headline\" >M\u00e0rqueting Animacions<\/h3><\/div><\/div><\/figcaption><\/figure><\/a><!--end av-masonry entry--><\/div><\/div><\/div>\n","protected":false},"excerpt":{"rendered":"","protected":false},"author":6,"featured_media":0,"parent":0,"menu_order":0,"comment_status":"closed","ping_status":"closed","template":"","meta":[],"aioseo_notices":[],"_links":{"self":[{"href":"https:\/\/pixupweb.com\/ca\/wp-json\/wp\/v2\/pages\/2880"}],"collection":[{"href":"https:\/\/pixupweb.com\/ca\/wp-json\/wp\/v2\/pages"}],"about":[{"href":"https:\/\/pixupweb.com\/ca\/wp-json\/wp\/v2\/types\/page"}],"author":[{"embeddable":true,"href":"https:\/\/pixupweb.com\/ca\/wp-json\/wp\/v2\/users\/6"}],"replies":[{"embeddable":true,"href":"https:\/\/pixupweb.com\/ca\/wp-json\/wp\/v2\/comments?post=2880"}],"version-history":[{"count":41,"href":"https:\/\/pixupweb.com\/ca\/wp-json\/wp\/v2\/pages\/2880\/revisions"}],"predecessor-version":[{"id":5919,"href":"https:\/\/pixupweb.com\/ca\/wp-json\/wp\/v2\/pages\/2880\/revisions\/5919"}],"wp:attachment":[{"href":"https:\/\/pixupweb.com\/ca\/wp-json\/wp\/v2\/media?parent=2880"}],"curies":[{"name":"wp","href":"https:\/\/api.w.org\/{rel}","templated":true}]}}