{"id":2194,"date":"2019-03-01T19:56:29","date_gmt":"2019-03-01T17:56:29","guid":{"rendered":"http:\/\/pixupweb.com\/agencies\/"},"modified":"2025-06-27T17:26:34","modified_gmt":"2025-06-27T15:26:34","slug":"agencias","status":"publish","type":"page","link":"https:\/\/pixupweb.com\/es\/agencias\/","title":{"rendered":"Agencias"},"content":{"rendered":"<div id='av_section_1'  class='avia-section main_color avia-section-default avia-no-border-styling  avia-bg-style-fixed  avia-builder-el-0  el_before_av_section  avia-builder-el-first   av-minimum-height av-minimum-height-75  container_wrap fullsize' style='background-repeat: no-repeat; background-image: url(https:\/\/pixupweb.com\/wp-content\/uploads\/2019\/03\/agencies.jpg);background-attachment: fixed; background-position: bottom right;  '  data-section-bg-repeat='no-repeat' data-av_minimum_height_pc='75'><div class='container' ><main  role=\"main\" itemprop=\"mainContentOfPage\"  class='template-page content  av-content-full alpha units'><div class='post-entry post-entry-type-page post-entry-2194'><div class='entry-content-wrapper clearfix'>\n<div class=\"flex_column av_one_full  av-animated-generic fade-in  flex_column_div av-zero-column-padding first  avia-builder-el-1  avia-builder-el-no-sibling  \" style='margin-top:0px; margin-bottom:0px; border-radius:0px; '><div  style='padding-bottom:0px; margin-top:40px; margin-bottom:170px; font-size:5vw;' class='av-special-heading av-special-heading-h1  blockquote modern-quote modern-centered  avia-builder-el-2  avia-builder-el-no-sibling  av-inherit-size '><h1 class='av-special-heading-tag '  itemprop=\"headline\"  >Pixup, para agencias<\/h1><div class='special-heading-border'><div class='special-heading-inner-border' ><\/div><\/div><\/div><\/div>\n\n<\/div><\/div><\/main><!-- close content main element --><\/div><\/div><div id='av_section_2'  class='avia-section main_color avia-section-huge avia-no-shadow  avia-bg-style-scroll  avia-builder-el-3  el_after_av_section  el_before_av_section   container_wrap fullsize' style=' '  ><div class='container' ><div class='template-page content  av-content-full alpha units'><div class='post-entry post-entry-type-page post-entry-2194'><div class='entry-content-wrapper clearfix'>\n<div class=\"flex_column av_one_half  flex_column_div av-zero-column-padding first  avia-builder-el-4  el_before_av_one_half  avia-builder-el-first  \" style='border-radius:0px; '><p><div  style='padding-bottom:10px; ' class='av-special-heading av-special-heading-h3    avia-builder-el-5  el_before_av_textblock  avia-builder-el-first  '><h3 class='av-special-heading-tag '  itemprop=\"headline\"  >Pixup, somos un centro de producci\u00f3n web para agencias.<\/h3><div class='special-heading-border'><div class='special-heading-inner-border' ><\/div><\/div><\/div><br \/>\n<section class=\"av_textblock_section \"  itemscope=\"itemscope\" itemtype=\"https:\/\/schema.org\/CreativeWork\" ><div class='avia_textblock  '   itemprop=\"text\" ><p>Con m\u00e1s de 15 a\u00f1os de experiencia trabajando para agencias de comunicaci\u00f3n, sabemos lo que necesitas.<\/p>\n<p>Nos adaptamos a tus necesidades porque sabemos lo que valoras.<\/p>\n<p>Desde producir el proyecto de forma encubierta, hasta la colaboraci\u00f3n proactiva con la agencia y el cliente, colaborando como partner tecnol\u00f3gico.<\/p>\n<p>Si las nuevas tecnolog\u00edas no son lo tuyo, nosotros os asesoramos y acompa\u00f1amos con la relaci\u00f3n y comunicaci\u00f3n con el cliente final.<\/p>\n<p>Siempre cumplimos, aport\u00e1ndote la\u00a0 tranquilidad por tu parte de entregar el brieffing y recoger los resultados el d\u00eda programado y pactado.<\/p>\n<\/div><\/section><\/p><\/div><div class=\"flex_column av_one_half  flex_column_div av-zero-column-padding   avia-builder-el-7  el_after_av_one_half  avia-builder-el-last  \" style='border-radius:0px; '><p><div  style='padding-bottom:10px; ' class='av-special-heading av-special-heading-h3  blockquote modern-quote modern-centered  avia-builder-el-8  el_before_av_partner  avia-builder-el-first  '><h3 class='av-special-heading-tag '  itemprop=\"headline\"  >Agencias que conf\u00edan en nosotros<\/h3><div class='special-heading-border'><div class='special-heading-inner-border' ><\/div><\/div><\/div><br \/>\n<div   data-autoplay='true'  data-interval='5'  data-animation='slide'  class='avia-logo-element-container av-border-deactivate avia-logo-slider avia-content-slider avia-smallarrow-slider avia-content-slider-active noHover avia-content-slider1 avia-content-slider-odd  avia-builder-el-9  el_after_av_heading  avia-builder-el-last  ' ><div class='avia-smallarrow-slider-heading  no-logo-slider-navigation  no-logo-slider-heading '><\/div><div class='avia-content-slider-inner'><div class='slide-entry-wrap' ><div  class='slide-entry flex_column no_margin post-entry slide-entry-overview slide-loop-1 slide-parity-odd  av_one_third first real-thumbnail'><span class='av-partner-fake-img' style='padding-bottom:60%; background-image:url(https:\/\/pixupweb.com\/wp-content\/uploads\/2019\/03\/benedito.jpg);'><\/span><\/div><div  class='slide-entry flex_column no_margin post-entry slide-entry-overview slide-loop-2 slide-parity-even  av_one_third  real-thumbnail'><span class='av-partner-fake-img' style='padding-bottom:60%; background-image:url(https:\/\/pixupweb.com\/wp-content\/uploads\/2019\/03\/smtec.jpg);'><\/span><\/div><div  class='slide-entry flex_column no_margin post-entry slide-entry-overview slide-loop-3 slide-parity-odd  av_one_third  real-thumbnail'><span class='av-partner-fake-img' style='padding-bottom:60%; background-image:url(https:\/\/pixupweb.com\/wp-content\/uploads\/2019\/03\/basoraibasora.jpg);'><\/span><\/div><\/div><div class='slide-entry-wrap' ><div  class='slide-entry flex_column no_margin post-entry slide-entry-overview slide-loop-4 slide-parity-odd  av_one_third first real-thumbnail'><span class='av-partner-fake-img' style='padding-bottom:60%; background-image:url(https:\/\/pixupweb.com\/wp-content\/uploads\/2019\/07\/lablanca.jpg);'><\/span><\/div><div  class='slide-entry flex_column no_margin post-entry slide-entry-overview slide-loop-5 slide-parity-even  av_one_third  real-thumbnail'><span class='av-partner-fake-img' style='padding-bottom:60%; background-image:url(https:\/\/pixupweb.com\/wp-content\/uploads\/2019\/03\/slowme.jpg);'><\/span><\/div><div  class='slide-entry flex_column no_margin post-entry slide-entry-overview slide-loop-6 slide-parity-odd  av_one_third  real-thumbnail'><span class='av-partner-fake-img' style='padding-bottom:60%; background-image:url(https:\/\/pixupweb.com\/wp-content\/uploads\/2019\/03\/bcnpress.jpg);'><\/span><\/div><\/div><div class='slide-entry-wrap' ><div  class='slide-entry flex_column no_margin post-entry slide-entry-overview slide-loop-7 slide-parity-odd  av_one_third first real-thumbnail'><span class='av-partner-fake-img' style='padding-bottom:60%; background-image:url(https:\/\/pixupweb.com\/wp-content\/uploads\/2019\/03\/begrafstudio.jpg);'><\/span><\/div><div  class='slide-entry flex_column no_margin post-entry slide-entry-overview slide-loop-8 slide-parity-even  av_one_third  real-thumbnail'><span class='av-partner-fake-img' style='padding-bottom:60%; background-image:url(https:\/\/pixupweb.com\/wp-content\/uploads\/2019\/03\/thinkingdigital.jpg);'><\/span><\/div><div  class='slide-entry flex_column no_margin post-entry slide-entry-overview slide-loop-9 slide-parity-odd  post-entry-last  av_one_third  real-thumbnail'><span class='av-partner-fake-img' style='padding-bottom:60%; background-image:url(https:\/\/pixupweb.com\/wp-content\/uploads\/2019\/03\/fiveisblue.jpg);'><\/span><\/div><\/div><\/div><\/div><\/p><\/div>\n\n<\/div><\/div><\/div><!-- close content main div --><\/div><\/div><div id='av_section_3'  class='avia-section alternate_color avia-section-default avia-no-border-styling  avia-bg-style-scroll  avia-builder-el-10  el_after_av_section  el_before_av_section   container_wrap fullsize' style=' '  ><div class='container' ><div class='template-page content  av-content-full alpha units'><div class='post-entry post-entry-type-page post-entry-2194'><div class='entry-content-wrapper clearfix'>\n<div  style='padding-bottom:10px; ' class='av-special-heading av-special-heading-h2  blockquote modern-quote modern-centered  avia-builder-el-11  el_before_av_hr  avia-builder-el-first  '><h2 class='av-special-heading-tag '  itemprop=\"headline\"  >Que valoran de nosotros las agencias <\/h2><div class='special-heading-border'><div class='special-heading-inner-border' ><\/div><\/div><\/div>\n<div   class='hr hr-short hr-center   avia-builder-el-12  el_after_av_heading  el_before_av_hr '><span class='hr-inner ' ><span class='hr-inner-style'><\/span><\/span><\/div>\n<div  style='height:50px' class='hr hr-invisible   avia-builder-el-13  el_after_av_hr  el_before_av_one_fourth '><span class='hr-inner ' ><span class='hr-inner-style'><\/span><\/span><\/div>\n<div class=\"flex_column av_one_fourth  flex_column_div av-zero-column-padding first  avia-builder-el-14  el_after_av_hr  el_before_av_one_fourth  \" style='border-radius:0px; '><article  class=\"iconbox iconbox_left    avia-builder-el-15  avia-builder-el-no-sibling  \"  itemscope=\"itemscope\" itemtype=\"https:\/\/schema.org\/CreativeWork\" ><div class=\"iconbox_content\"><header class=\"entry-content-header\"><div class=\"iconbox_icon heading-color\" aria-hidden='true' data-av_icon='\ue8ce' data-av_iconfont='entypo-fontello'  ><\/div><h3 class='iconbox_content_title  '  itemprop=\"headline\"  >Flexibilidad<\/h3><\/header><div class='iconbox_content_container  '  itemprop=\"text\"  ><p>Nos adaptamos a tus necesidades y las de tu cliente.<\/p>\n<\/div><\/div><footer class=\"entry-footer\"><\/footer><\/article><\/div><div class=\"flex_column av_one_fourth  flex_column_div av-zero-column-padding   avia-builder-el-16  el_after_av_one_fourth  el_before_av_one_fourth  \" style='border-radius:0px; '><article  class=\"iconbox iconbox_left    avia-builder-el-17  avia-builder-el-no-sibling  \"  itemscope=\"itemscope\" itemtype=\"https:\/\/schema.org\/CreativeWork\" ><div class=\"iconbox_content\"><header class=\"entry-content-header\"><div class=\"iconbox_icon heading-color\" aria-hidden='true' data-av_icon='\ue8b4' data-av_iconfont='entypo-fontello'  ><\/div><h3 class='iconbox_content_title  '  itemprop=\"headline\"  >Agilidad<\/h3><\/header><div class='iconbox_content_container  '  itemprop=\"text\"  ><p>Con muchos a\u00f1os de experiencia somos \u00e1giles resolviendo situaciones complicadas.<\/p>\n<\/div><\/div><footer class=\"entry-footer\"><\/footer><\/article><\/div><div class=\"flex_column av_one_fourth  flex_column_div av-zero-column-padding   avia-builder-el-18  el_after_av_one_fourth  el_before_av_one_fourth  \" style='border-radius:0px; '><article  class=\"iconbox iconbox_left    avia-builder-el-19  avia-builder-el-no-sibling  \"  itemscope=\"itemscope\" itemtype=\"https:\/\/schema.org\/CreativeWork\" ><div class=\"iconbox_content\"><header class=\"entry-content-header\"><div class=\"iconbox_icon heading-color\" aria-hidden='true' data-av_icon='\ue8cc' data-av_iconfont='entypo-fontello'  ><\/div><h3 class='iconbox_content_title  '  itemprop=\"headline\"  >Adaptaci\u00f3n al cliente<\/h3><\/header><div class='iconbox_content_container  '  itemprop=\"text\"  ><p>Cada cliente es diferente y requiere una atenci\u00f3n diferente.<\/p>\n<\/div><\/div><footer class=\"entry-footer\"><\/footer><\/article><\/div><div class=\"flex_column av_one_fourth  flex_column_div av-zero-column-padding   avia-builder-el-20  el_after_av_one_fourth  el_before_av_one_fourth  \" style='border-radius:0px; '><article  class=\"iconbox iconbox_left    avia-builder-el-21  avia-builder-el-no-sibling  \"  itemscope=\"itemscope\" itemtype=\"https:\/\/schema.org\/CreativeWork\" ><div class=\"iconbox_content\"><header class=\"entry-content-header\"><div class=\"iconbox_icon heading-color\" aria-hidden='true' data-av_icon='\ue812' data-av_iconfont='entypo-fontello'  ><\/div><h3 class='iconbox_content_title  '  itemprop=\"headline\"  >Fiabilidad <\/h3><\/header><div class='iconbox_content_container  '  itemprop=\"text\"  ><p>Para tu tranquilidad, cumplimos siempre en calidad y tiempo de entrega, siempre que el timing del proyecto se haya respetado en las fases previas.<\/p>\n<\/div><\/div><footer class=\"entry-footer\"><\/footer><\/article><\/div><div class=\"flex_column av_one_fourth  flex_column_div av-zero-column-padding first  avia-builder-el-22  el_after_av_one_fourth  el_before_av_one_fourth  column-top-margin\" style='border-radius:0px; '><article  class=\"iconbox iconbox_left    avia-builder-el-23  avia-builder-el-no-sibling  \"  itemscope=\"itemscope\" itemtype=\"https:\/\/schema.org\/CreativeWork\" ><div class=\"iconbox_content\"><header class=\"entry-content-header\"><div class=\"iconbox_icon heading-color\" aria-hidden='true' data-av_icon='\ue808' data-av_iconfont='entypo-fontello'  ><\/div><h3 class='iconbox_content_title  '  itemprop=\"headline\"  >Asesoramiento<\/h3><\/header><div class='iconbox_content_container  '  itemprop=\"text\"  ><p>Te asesoramos t\u00e9cnicamente para conseguir los mejores resultados en cada situaci\u00f3n. Mejorando tu imagen de cara al cliente final.<\/p>\n<\/div><\/div><footer class=\"entry-footer\"><\/footer><\/article><\/div><div class=\"flex_column av_one_fourth  flex_column_div av-zero-column-padding   avia-builder-el-24  el_after_av_one_fourth  el_before_av_one_fourth  column-top-margin\" style='border-radius:0px; '><article  class=\"iconbox iconbox_left    avia-builder-el-25  avia-builder-el-no-sibling  \"  itemscope=\"itemscope\" itemtype=\"https:\/\/schema.org\/CreativeWork\" ><div class=\"iconbox_content\"><header class=\"entry-content-header\"><div class=\"iconbox_icon heading-color\" aria-hidden='true' data-av_icon='\ue891' data-av_iconfont='entypo-fontello'  ><\/div><h3 class='iconbox_content_title  '  itemprop=\"headline\"  >Actualizados<\/h3><\/header><div class='iconbox_content_container  '  itemprop=\"text\"  ><p>Investigamos constantemente para estar a la \u00faltima y ofrecer las soluciones actuales.<\/p>\n<\/div><\/div><footer class=\"entry-footer\"><\/footer><\/article><\/div><div class=\"flex_column av_one_fourth  flex_column_div av-zero-column-padding   avia-builder-el-26  el_after_av_one_fourth  el_before_av_one_fourth  column-top-margin\" style='border-radius:0px; '><article  class=\"iconbox iconbox_left    avia-builder-el-27  avia-builder-el-no-sibling  \"  itemscope=\"itemscope\" itemtype=\"https:\/\/schema.org\/CreativeWork\" ><div class=\"iconbox_content\"><header class=\"entry-content-header\"><div class=\"iconbox_icon heading-color\" aria-hidden='true' data-av_icon='\ue8f6' data-av_iconfont='entypo-fontello'  ><\/div><h3 class='iconbox_content_title  '  itemprop=\"headline\"  >Somos SEO oriented<\/h3><\/header><div class='iconbox_content_container  '  itemprop=\"text\"  ><p>Tenemos amplios conocimientos de SEO para ayudarte a orientar el proyecto para obtener los mejores resultados, no solo a nivel gr\u00e1fico.<\/p>\n<\/div><\/div><footer class=\"entry-footer\"><\/footer><\/article><\/div><div class=\"flex_column av_one_fourth  flex_column_div av-zero-column-padding   avia-builder-el-28  el_after_av_one_fourth  el_before_av_one_fourth  column-top-margin\" style='border-radius:0px; '><article  class=\"iconbox iconbox_left    avia-builder-el-29  avia-builder-el-no-sibling  \"  itemscope=\"itemscope\" itemtype=\"https:\/\/schema.org\/CreativeWork\" ><div class=\"iconbox_content\"><header class=\"entry-content-header\"><div class=\"iconbox_icon heading-color\" aria-hidden='true' data-av_icon='\ue8a9' data-av_iconfont='entypo-fontello'  ><\/div><h3 class='iconbox_content_title  '  itemprop=\"headline\"  >Auto-exigentes<\/h3><\/header><div class='iconbox_content_container  '  itemprop=\"text\"  ><p>Nos implicamos con tu proyecto mejorando tu imagen de cara al cliente.<\/p>\n<\/div><\/div><footer class=\"entry-footer\"><\/footer><\/article><\/div><div class=\"flex_column av_one_fourth  flex_column_div av-zero-column-padding first  avia-builder-el-30  el_after_av_one_fourth  el_before_av_one_fourth  column-top-margin\" style='border-radius:0px; '><article  class=\"iconbox iconbox_left    avia-builder-el-31  avia-builder-el-no-sibling  \"  itemscope=\"itemscope\" itemtype=\"https:\/\/schema.org\/CreativeWork\" ><div class=\"iconbox_content\"><header class=\"entry-content-header\"><div class=\"iconbox_icon heading-color\" aria-hidden='true' data-av_icon='\ue83c' data-av_iconfont='entypo-fontello'  ><\/div><h3 class='iconbox_content_title  '  itemprop=\"headline\"  >Lenguaje f\u00e1cil i cercano <\/h3><\/header><div class='iconbox_content_container  '  itemprop=\"text\"  ><p>Hablamos de manera sencilla y lo hacemos f\u00e1cil de entender el proyecto para los clientes que no est\u00e1n acostumbrados al lenguaje t\u00e9cnico.<\/p>\n<\/div><\/div><footer class=\"entry-footer\"><\/footer><\/article><\/div><div class=\"flex_column av_one_fourth  flex_column_div av-zero-column-padding   avia-builder-el-32  el_after_av_one_fourth  el_before_av_one_fourth  column-top-margin\" style='border-radius:0px; '><article  class=\"iconbox iconbox_left    avia-builder-el-33  avia-builder-el-no-sibling  \"  itemscope=\"itemscope\" itemtype=\"https:\/\/schema.org\/CreativeWork\" ><div class=\"iconbox_content\"><header class=\"entry-content-header\"><div class=\"iconbox_icon heading-color\" aria-hidden='true' data-av_icon='\ue8c2' data-av_iconfont='entypo-fontello'  ><\/div><h3 class='iconbox_content_title  '  itemprop=\"headline\"  >Enlace cliente-programador<\/h3><\/header><div class='iconbox_content_container  '  itemprop=\"text\"  ><p>Programadores y clientes hablan lenguajes totalmente antag\u00f3nicos. Hacemos el enlace para conectar estos dos mundos.<\/p>\n<\/div><\/div><footer class=\"entry-footer\"><\/footer><\/article><\/div><div class=\"flex_column av_one_fourth  flex_column_div av-zero-column-padding   avia-builder-el-34  el_after_av_one_fourth  el_before_av_one_fourth  column-top-margin\" style='border-radius:0px; '><article  class=\"iconbox iconbox_left    avia-builder-el-35  avia-builder-el-no-sibling  \"  itemscope=\"itemscope\" itemtype=\"https:\/\/schema.org\/CreativeWork\" ><div class=\"iconbox_content\"><header class=\"entry-content-header\"><div class=\"iconbox_icon heading-color\" aria-hidden='true' data-av_icon='\ue836' data-av_iconfont='entypo-fontello'  ><\/div><h3 class='iconbox_content_title  '  itemprop=\"headline\"  >Maquetaci\u00f3n Html fiel al dise\u00f1o<\/h3><\/header><div class='iconbox_content_container  '  itemprop=\"text\"  ><p>Maquetamos el dise\u00f1o exacto deseado. Analizamos y asesoramos proactivamente en los apartados que requieren cambios para aspectos UI\/UX o rendimiento web.<\/p>\n<\/div><\/div><footer class=\"entry-footer\"><\/footer><\/article><\/div><div class=\"flex_column av_one_fourth  flex_column_div av-zero-column-padding   avia-builder-el-36  el_after_av_one_fourth  avia-builder-el-last  column-top-margin\" style='border-radius:0px; '><article  class=\"iconbox iconbox_left    avia-builder-el-37  avia-builder-el-no-sibling  \"  itemscope=\"itemscope\" itemtype=\"https:\/\/schema.org\/CreativeWork\" ><div class=\"iconbox_content\"><header class=\"entry-content-header\"><div class=\"iconbox_icon heading-color\" aria-hidden='true' data-av_icon='\ue8b9' data-av_iconfont='entypo-fontello'  ><\/div><h3 class='iconbox_content_title  '  itemprop=\"headline\"  >Aut\u00f3nomos <\/h3><\/header><div class='iconbox_content_container  '  itemprop=\"text\"  ><p>Tratamos directamente o conjuntamente con el cliente final en casa que lo dese, como partners. Reportamos el feedback del cliente y os mantendremos informados.<\/p>\n<\/div><\/div><footer class=\"entry-footer\"><\/footer><\/article><\/div>\n\n<\/div><\/div><\/div><!-- close content main div --><\/div><\/div><div id='av_section_4'  class='avia-section main_color avia-section-default avia-no-border-styling  avia-bg-style-scroll  avia-builder-el-38  el_after_av_section  avia-builder-el-last   container_wrap fullsize' style=' '  ><div class='container' ><div class='template-page content  av-content-full alpha units'><div class='post-entry post-entry-type-page post-entry-2194'><div class='entry-content-wrapper clearfix'>\n<div  style='height:150px' class='hr hr-invisible   avia-builder-el-39  el_before_av_one_half  avia-builder-el-first '><span class='hr-inner ' ><span class='hr-inner-style'><\/span><\/span><\/div>\n<div class=\"flex_column av_one_half  av-animated-generic bottom-to-top  flex_column_div av-zero-column-padding first  avia-builder-el-40  el_after_av_hr  el_before_av_one_half  \" style='border-radius:0px; '><p><div  style='padding-bottom:10px; font-size:50px;' class='av-special-heading av-special-heading-h4  blockquote modern-quote  avia-builder-el-41  el_before_av_textblock  avia-builder-el-first  av-inherit-size '><h4 class='av-special-heading-tag '  itemprop=\"headline\"  >Soluciones digitales que aportamos<\/h4><div class='special-heading-border'><div class='special-heading-inner-border' ><\/div><\/div><\/div><br \/>\n<section class=\"av_textblock_section \"  itemscope=\"itemscope\" itemtype=\"https:\/\/schema.org\/CreativeWork\" ><div class='avia_textblock  '   itemprop=\"text\" ><ul>\n<li>Asesoramiento en proyectos<\/li>\n<li>Maquetaci\u00f3n a medida<\/li>\n<li>Programaci\u00f3n a medida<\/li>\n<li>Animaciones 2D \/ 3D<\/li>\n<li>Webs en plataforma <a href=\"http:\/\/www.iridiumweb.com\">Iridian<\/a><\/li>\n<li>Webs en WordPress<\/li>\n<li>E-commerce en Prestashop<\/li>\n<li>Posicionamiento\u00a0 Web<\/li>\n<li>Estrategias de marketing\u00a0 online<\/li>\n<li>Connectividad IOT<\/li>\n<li>Intranets<\/li>\n<li>Apps multi dispositivos en React Native<\/li>\n<\/ul>\n<\/div><\/section><\/p><\/div><div class=\"flex_column av_one_half  av-animated-generic bottom-to-top  flex_column_div av-zero-column-padding   avia-builder-el-43  el_after_av_one_half  avia-builder-el-last  \" style='border-radius:0px; '><p><div  style='padding-bottom:10px; font-size:50px;' class='av-special-heading av-special-heading-h4  blockquote modern-quote  avia-builder-el-44  el_before_av_textblock  avia-builder-el-first  av-inherit-size '><h4 class='av-special-heading-tag '  itemprop=\"headline\"  >\u00bfQuiere colaborar con nosotros?<\/h4><div class='special-heading-border'><div class='special-heading-inner-border' ><\/div><\/div><\/div><br \/>\n<section class=\"av_textblock_section \"  itemscope=\"itemscope\" itemtype=\"https:\/\/schema.org\/CreativeWork\" ><div class='avia_textblock  '   itemprop=\"text\" ><p>Si es agencia, departamento de marketing o empresa con necesidades en su negocio online, p\u00f3ngase en contacto con PixUp.<\/p>\n<\/div><\/section><br \/>\n<\/p><\/div>\n","protected":false},"excerpt":{"rendered":"","protected":false},"author":6,"featured_media":0,"parent":0,"menu_order":0,"comment_status":"closed","ping_status":"closed","template":"","meta":[],"aioseo_notices":[],"_links":{"self":[{"href":"https:\/\/pixupweb.com\/es\/wp-json\/wp\/v2\/pages\/2194"}],"collection":[{"href":"https:\/\/pixupweb.com\/es\/wp-json\/wp\/v2\/pages"}],"about":[{"href":"https:\/\/pixupweb.com\/es\/wp-json\/wp\/v2\/types\/page"}],"author":[{"embeddable":true,"href":"https:\/\/pixupweb.com\/es\/wp-json\/wp\/v2\/users\/6"}],"replies":[{"embeddable":true,"href":"https:\/\/pixupweb.com\/es\/wp-json\/wp\/v2\/comments?post=2194"}],"version-history":[{"count":14,"href":"https:\/\/pixupweb.com\/es\/wp-json\/wp\/v2\/pages\/2194\/revisions"}],"predecessor-version":[{"id":5702,"href":"https:\/\/pixupweb.com\/es\/wp-json\/wp\/v2\/pages\/2194\/revisions\/5702"}],"wp:attachment":[{"href":"https:\/\/pixupweb.com\/es\/wp-json\/wp\/v2\/media?parent=2194"}],"curies":[{"name":"wp","href":"https:\/\/api.w.org\/{rel}","templated":true}]}}