{"id":3022,"date":"2020-12-21T12:39:44","date_gmt":"2020-12-21T10:39:44","guid":{"rendered":"http:\/\/pixupweb.com\/edicion-grafica-y-animaciones-3d\/"},"modified":"2025-06-27T17:26:36","modified_gmt":"2025-06-27T15:26:36","slug":"edicion-grafica-y-animaciones-3d","status":"publish","type":"page","link":"https:\/\/pixupweb.com\/es\/edicion-grafica-y-animaciones-3d\/","title":{"rendered":"Edici\u00f3n gr\u00e1fica y Animaciones 3D"},"content":{"rendered":"<div class=\"flex_column av_one_full  flex_column_div av-zero-column-padding first  avia-builder-el-0  el_before_av_one_full  avia-builder-el-first  \" style='border-radius:0px; '><p><div  style='padding-bottom:10px; ' class='av-special-heading av-special-heading-h1  blockquote modern-quote modern-centered  avia-builder-el-1  el_before_av_hr  avia-builder-el-first  '><h1 class='av-special-heading-tag '  itemprop=\"headline\"  >Edici\u00f3n gr\u00e1fica y Animaci\u00f3n 3D<\/h1><div class='special-heading-border'><div class='special-heading-inner-border' ><\/div><\/div><\/div><br \/>\n<div   class='hr hr-default   avia-builder-el-2  el_after_av_heading  avia-builder-el-last '><span class='hr-inner ' ><span class='hr-inner-style'><\/span><\/span><\/div><\/p><\/div>\n<div class=\"flex_column av_one_full  flex_column_div av-zero-column-padding first  avia-builder-el-3  el_after_av_one_full  avia-builder-el-last  column-top-margin\" style='border-radius:0px; '><div id='av-masonry-1' class='av-masonry  noHover av-fixed-size av-large-gap av-hover-overlay- av-masonry-animation-active av-masonry-col-flexible av-caption-always av-caption-style-    '  ><div class='av-masonry-container isotope av-js-disabled ' ><div class='av-masonry-entry isotope-item av-masonry-item-no-image all_sort animacion-y-edicion_sort '><\/div><a href=\"https:\/\/pixupweb.com\/es\/proyectos-web-y-aplicaciones\/arquitectura-immobiliaria-2\/\"  id='av-masonry-1-item-2978' data-av-masonry-item='2978' class='av-masonry-entry isotope-item post-2978 portfolio type-portfolio status-publish has-post-thumbnail hentry portfolio_entries-animacion-y-edicion all_sort animacion-y-edicion_sort  av-masonry-item-with-image av-grid-img' title=\"Arquitectura-inmobiliaria\"  itemscope=\"itemscope\" itemtype=\"https:\/\/schema.org\/CreativeWork\" ><div class='av-inner-masonry-sizer'><\/div><figure class='av-inner-masonry main_color'><div class=\"av-masonry-outerimage-container\"><div class=\"av-masonry-image-container\" style=\"background-image: url(https:\/\/pixupweb.com\/wp-content\/uploads\/2020\/08\/Imagen1-1.jpg);\" title=\"Arquitectura-inmobiliaria\" ><\/div><\/div><figcaption class='av-inner-masonry-content site-background'><div class='av-inner-masonry-content-pos'><div class='av-inner-masonry-content-pos-content'><div class='avia-arrow'><\/div><h3 class='av-masonry-entry-title entry-title '  itemprop=\"headline\" >Animaci\u00f3n y desarrollo gr\u00e1fico 2D\/3D para Arquitectura \/ Immobili\u00e0ria<\/h3><\/div><\/div><\/figcaption><\/figure><\/a><!--end av-masonry entry--><a href=\"https:\/\/pixupweb.com\/es\/proyectos-web-y-aplicaciones\/industria-i-ingenieria\/\"  id='av-masonry-1-item-3018' data-av-masonry-item='3018' class='av-masonry-entry isotope-item post-3018 portfolio type-portfolio status-publish has-post-thumbnail hentry portfolio_entries-animacion-y-edicion all_sort animacion-y-edicion_sort  av-masonry-item-with-image av-grid-img' title=\"Industria y ingenier\u00eda\"  itemscope=\"itemscope\" itemtype=\"https:\/\/schema.org\/CreativeWork\" ><div class='av-inner-masonry-sizer'><\/div><figure class='av-inner-masonry main_color'><div class=\"av-masonry-outerimage-container\"><div class=\"av-masonry-image-container\" style=\"background-image: url(https:\/\/pixupweb.com\/wp-content\/uploads\/2020\/08\/Imagen13.png);\" title=\"Industria y ingenier\u00eda\" ><\/div><\/div><figcaption class='av-inner-masonry-content site-background'><div class='av-inner-masonry-content-pos'><div class='av-inner-masonry-content-pos-content'><div class='avia-arrow'><\/div><h3 class='av-masonry-entry-title entry-title '  itemprop=\"headline\" >Animaci\u00f3n y desarrollo gr\u00e1fico 2D\/3D para Industria y ingenier\u00eda<\/h3><\/div><\/div><\/figcaption><\/figure><\/a><!--end av-masonry entry--><a href=\"https:\/\/pixupweb.com\/es\/proyectos-web-y-aplicaciones\/marketing-animaciones-2\/\"  id='av-masonry-1-item-3014' data-av-masonry-item='3014' class='av-masonry-entry isotope-item post-3014 portfolio type-portfolio status-publish has-post-thumbnail hentry portfolio_entries-animacion-y-edicion all_sort animacion-y-edicion_sort  av-masonry-item-with-image av-grid-img' title=\"Marketing\"  itemscope=\"itemscope\" itemtype=\"https:\/\/schema.org\/CreativeWork\" ><div class='av-inner-masonry-sizer'><\/div><figure class='av-inner-masonry main_color'><div class=\"av-masonry-outerimage-container\"><div class=\"av-masonry-image-container\" style=\"background-image: url(https:\/\/pixupweb.com\/wp-content\/uploads\/2020\/08\/Imagen15.png);\" title=\"Marketing\" ><\/div><\/div><figcaption class='av-inner-masonry-content site-background'><div class='av-inner-masonry-content-pos'><div class='av-inner-masonry-content-pos-content'><div class='avia-arrow'><\/div><h3 class='av-masonry-entry-title entry-title '  itemprop=\"headline\" >Animaci\u00f3n y desarrollo gr\u00e1fico 2D\/3D para Marketing<\/h3><\/div><\/div><\/figcaption><\/figure><\/a><!--end av-masonry entry--><\/div><\/div><\/div>\n","protected":false},"excerpt":{"rendered":"","protected":false},"author":6,"featured_media":0,"parent":0,"menu_order":0,"comment_status":"closed","ping_status":"closed","template":"","meta":[],"aioseo_notices":[],"_links":{"self":[{"href":"https:\/\/pixupweb.com\/es\/wp-json\/wp\/v2\/pages\/3022"}],"collection":[{"href":"https:\/\/pixupweb.com\/es\/wp-json\/wp\/v2\/pages"}],"about":[{"href":"https:\/\/pixupweb.com\/es\/wp-json\/wp\/v2\/types\/page"}],"author":[{"embeddable":true,"href":"https:\/\/pixupweb.com\/es\/wp-json\/wp\/v2\/users\/6"}],"replies":[{"embeddable":true,"href":"https:\/\/pixupweb.com\/es\/wp-json\/wp\/v2\/comments?post=3022"}],"version-history":[{"count":6,"href":"https:\/\/pixupweb.com\/es\/wp-json\/wp\/v2\/pages\/3022\/revisions"}],"predecessor-version":[{"id":5928,"href":"https:\/\/pixupweb.com\/es\/wp-json\/wp\/v2\/pages\/3022\/revisions\/5928"}],"wp:attachment":[{"href":"https:\/\/pixupweb.com\/es\/wp-json\/wp\/v2\/media?parent=3022"}],"curies":[{"name":"wp","href":"https:\/\/api.w.org\/{rel}","templated":true}]}}